{"id":86,"date":"2025-05-02T14:37:48","date_gmt":"2025-05-02T11:37:48","guid":{"rendered":"http:\/\/www.muitakinmaailmoja.fi\/?page_id=86"},"modified":"2025-06-07T11:31:32","modified_gmt":"2025-06-07T08:31:32","slug":"etusivu","status":"publish","type":"page","link":"http:\/\/www.muitakinmaailmoja.fi\/","title":{"rendered":"Etusivu"},"content":{"rendered":"\n<h1 class=\"wp-block-heading\">Muitakin Maailmoja : <\/h1>\n\n\n\n<h2 class=\"wp-block-heading\">Stephen Kingin Musta Torni<\/h2>\n\n\n\n<p>T\u00e4ss\u00e4 podcastissa juontavat lukee Stephen Kingin Musta Torni -sarjaa p\u00e4tk\u00e4 kerrallaan ja keskustelee kaikesta mit\u00e4 siit\u00e4 mieleen tulee podcastissa. Asiaan liittyen ja v\u00e4lill\u00e4 varmasti asian vierest\u00e4kin. Juontajista Mari on ollut Kingin Uskollinen Lukija jo vuosikymmenten ajan ja Annelle matka Mustalle Tornille on ensimm\u00e4inen. <\/p>\n\n\n\n<p>Jos sinulle Mustan Tornin tarina on tuttu, p\u00e4\u00e4set Annen &#8221;siivell\u00e4&#8221; kokemaan uudelleen ensikertaa lukijan ihmetyksen, h\u00e4mm\u00e4styksen ja toivottavasti ihastuksen. Voit joko lukea itsekin mukana samaan tahtiin tai vain kuunnella podcastia. <\/p>\n\n\n\n<p>Jos olet ensikertalainen, voit lukea meid\u00e4n tahtiin (jos maltat) ja kuunnella sitten meid\u00e4n ajatukset lukemastasi p\u00e4tk\u00e4st\u00e4.<\/p>\n\n\n\n<p>Mielell\u00e4\u00e4n kuulemme my\u00f6s sun ajatuksia, kommentteja ja kysymyksi\u00e4 ja keskustellaan niist\u00e4kin podcastissa. Voit olla meihin yhdeydess\u00e4 some -kanavien tai s\u00e4hk\u00f6postin kautta, yhteystiedot l\u00f6ytyy mm. sivun alatunnisteesta. <\/p>\n\n\n\n<h2 class=\"wp-block-heading\">Uusin jakso:<\/h2>\n\n\n\n<figure class=\"wp-block-embed is-type-rich is-provider-spotify wp-block-embed-spotify wp-embed-aspect-21-9 wp-has-aspect-ratio\"><div class=\"wp-block-embed__wrapper\">\n<iframe title=\"Spotify Embed: Jakso 6: Musta Torni 1 - Revolverimies | Yhteenveto\" style=\"border-radius: 12px\" width=\"100%\" height=\"152\" frameborder=\"0\" allowfullscreen allow=\"autoplay; clipboard-write; encrypted-media; fullscreen; picture-in-picture\" loading=\"lazy\" src=\"https:\/\/open.spotify.com\/embed\/show\/4uKsoxXiLBBFYoXHV4WwKm?utm_source=oembed\"><\/iframe>\n<\/div><\/figure>\n\n\n\n<h2 class=\"wp-block-heading\">Mustan tornin musiikkia -soittolista<\/h2>\n\n\n\n<figure class=\"wp-block-embed is-type-rich is-provider-spotify wp-block-embed-spotify wp-embed-aspect-21-9 wp-has-aspect-ratio\"><div class=\"wp-block-embed__wrapper\">\n<iframe title=\"Spotify Embed: Mustan Tornin musiikkia \" style=\"border-radius: 12px\" width=\"100%\" height=\"352\" frameborder=\"0\" allowfullscreen allow=\"autoplay; clipboard-write; encrypted-media; fullscreen; picture-in-picture\" loading=\"lazy\" src=\"https:\/\/open.spotify.com\/embed\/playlist\/1dCSI7k0IzSLIgfbNpyCzR?si=VzWf-eCARUq621n283Vi1Q&#038;utm_source=oembed\"><\/iframe>\n<\/div><\/figure>\n","protected":false},"excerpt":{"rendered":"<p>Muitakin Maailmoja : Stephen Kingin Musta Torni T\u00e4ss\u00e4 podcastissa juontavat lukee Stephen Kingin Musta Torni -sarjaa p\u00e4tk\u00e4 kerrallaan ja keskustelee kaikesta mit\u00e4 siit\u00e4 mieleen tulee podcastissa. Asiaan liittyen ja v\u00e4lill\u00e4 varmasti asian vierest\u00e4kin. Juontajista Mari on ollut Kingin Uskollinen Lukija jo vuosikymmenten ajan ja Annelle matka Mustalle Tornille on ensimm\u00e4inen. Jos sinulle Mustan Tornin tarina [&hellip;]<\/p>\n","protected":false},"author":1,"featured_media":0,"parent":0,"menu_order":0,"comment_status":"closed","ping_status":"closed","template":"","meta":{"episode_type":"","audio_file":"","podmotor_file_id":"","podmotor_episode_id":"","cover_image":"","cover_image_id":"","duration":"","filesize":"","filesize_raw":"","date_recorded":"","explicit":"","block":"","footnotes":""},"class_list":["post-86","page","type-page","status-publish","hentry"],"blocksy_meta":[],"jetpack_sharing_enabled":true,"_links":{"self":[{"href":"http:\/\/www.muitakinmaailmoja.fi\/index.php\/wp-json\/wp\/v2\/pages\/86","targetHints":{"allow":["GET"]}}],"collection":[{"href":"http:\/\/www.muitakinmaailmoja.fi\/index.php\/wp-json\/wp\/v2\/pages"}],"about":[{"href":"http:\/\/www.muitakinmaailmoja.fi\/index.php\/wp-json\/wp\/v2\/types\/page"}],"author":[{"embeddable":true,"href":"http:\/\/www.muitakinmaailmoja.fi\/index.php\/wp-json\/wp\/v2\/users\/1"}],"replies":[{"embeddable":true,"href":"http:\/\/www.muitakinmaailmoja.fi\/index.php\/wp-json\/wp\/v2\/comments?post=86"}],"version-history":[{"count":6,"href":"http:\/\/www.muitakinmaailmoja.fi\/index.php\/wp-json\/wp\/v2\/pages\/86\/revisions"}],"predecessor-version":[{"id":145,"href":"http:\/\/www.muitakinmaailmoja.fi\/index.php\/wp-json\/wp\/v2\/pages\/86\/revisions\/145"}],"wp:attachment":[{"href":"http:\/\/www.muitakinmaailmoja.fi\/index.php\/wp-json\/wp\/v2\/media?parent=86"}],"curies":[{"name":"wp","href":"https:\/\/api.w.org\/{rel}","templated":true}]}}