{"id":140,"date":"2025-06-05T21:18:15","date_gmt":"2025-06-05T18:18:15","guid":{"rendered":"https:\/\/www.muitakinmaailmoja.fi\/?page_id=140"},"modified":"2026-03-05T19:45:03","modified_gmt":"2026-03-05T17:45:03","slug":"aikataulu","status":"publish","type":"page","link":"http:\/\/www.muitakinmaailmoja.fi\/index.php\/aikataulu\/","title":{"rendered":"Aikataulu"},"content":{"rendered":"\n<p>Alla olevassa taulukossa on kerrottu, miten kirjat on jaettu jaksoihin. P\u00e4ivitet\u00e4\u00e4n tarvittaessa, p\u00e4ivityksist\u00e4 ilmoitetaan some -kanavilla. P\u00e4\u00e4s\u00e4\u00e4nt\u00f6isesti jaksot julkaistaan spotifyissa joka toisen viikon perjantaina kello 00.19<\/p>\n\n\n\n<div class=\"wp-block-gutena-tabs gutena-tabs-block gutena-tabs-block-7bcde5-59\"><ul class=\"gutena-tabs-tab tab-center\"><li class=\"gutena-tab-title active\" data-tab=\"1\"><div class=\"gutena-tab-title-content icon-top\"><div class=\"gutena-tab-title-text\"><div>Revolverimies<\/div><\/div><\/div><\/li><li class=\"gutena-tab-title inactive\" data-tab=\"2\"><div class=\"gutena-tab-title-content icon-top\"><div class=\"gutena-tab-title-text\"><div>Kolme Korttia Pakasta<\/div><\/div><\/div><\/li><li class=\"gutena-tab-title inactive\" data-tab=\"3\"><div class=\"gutena-tab-title-content icon-top\"><div class=\"gutena-tab-title-text\"><div>Joutomaa<\/div><\/div><\/div><\/li><li class=\"gutena-tab-title inactive\" data-tab=\"4\"><div class=\"gutena-tab-title-content icon-top\"><div class=\"gutena-tab-title-text\"><div>Velho<\/div><\/div><\/div><\/li><li class=\"gutena-tab-title inactive\" data-tab=\"5\"><div class=\"gutena-tab-title-content icon-top\"><div class=\"gutena-tab-title-text\"><div>Callan sudet<\/div><\/div><\/div><\/li><li class=\"gutena-tab-title inactive\" data-tab=\"6\"><div class=\"gutena-tab-title-content icon-top\"><div class=\"gutena-tab-title-text\"><div>Susannan laulu<\/div><\/div><\/div><\/li><li class=\"gutena-tab-title inactive\" data-tab=\"7\"><div class=\"gutena-tab-title-content icon-top\"><div class=\"gutena-tab-title-text\"><div>Musta Torni<\/div><\/div><\/div><\/li><\/ul><div class=\"gutena-tabs-content is-layout-flow wp-block-tabs-is-layout-flow\">\n<div class=\"wp-block-gutena-tab gutena-tab-block gutena-tab-block-763159-a5 active\" data-tab=\"1\">\n<p style=\"margin-top:0;margin-bottom:0\"><\/p>\n\n\n\n<figure class=\"wp-block-table\"><table class=\"wp-block-table custom-table\"><thead><tr><th>Jaksonro<\/th><th>Sis\u00e4lt\u00f6<\/th><th>Julkaisupvm<\/th><th>Sivum\u00e4\u00e4r\u00e4<\/th><\/tr><\/thead><tbody><tr><td>0<\/td><td>Esittely<\/td><td>29.4.2025<\/td><td>&#8211;<\/td><\/tr><tr><td>1<\/td><td>Revolverimies<\/td><td>5.5.2025<\/td><td>63<\/td><\/tr><tr><td>2<\/td><td>V\u00e4liasema<\/td><td>9.5.2025<\/td><td>45<\/td><\/tr><tr><td>3<\/td><td>Oraakkeli ja vuoret<\/td><td>18.5.2025<\/td><td>29<\/td><\/tr><tr><td>4<\/td><td>Hitaat mutantit<\/td><td>23.5.2025<\/td><td>47<\/td><\/tr><tr><td>5<\/td><td>Revolverimies ja mustiin puettu mies<\/td><td>30.5.2025<\/td><td>21<\/td><\/tr><tr><td>6<\/td><td>Yhteenveto<\/td><td>6.6.2025<\/td><td>&#8211;<\/td><\/tr><tr><td>Bonus 1<\/td><td>Spoilaava yhteenveto feat. Inna<\/td><td>10.6.2025<\/td><td>&#8211;<\/td><\/tr><\/tbody><\/table><\/figure>\n\n\n\n<p style=\"margin-top:0;margin-bottom:0\"><\/p>\n<\/div>\n\n\n\n<div class=\"wp-block-gutena-tab gutena-tab-block gutena-tab-block-32ac80-92 inactive\" data-tab=\"2\">\n<p style=\"margin-top:0;margin-bottom:0\"><\/p>\n\n\n\n<figure class=\"wp-block-table\"><table class=\"wp-block-table custom-table\"><thead><tr><th>Jaksonro<\/th><th>Sis\u00e4lt\u00f6<\/th><th>Julkaisupvm<\/th><th>Sivum\u00e4\u00e4r\u00e4<\/th><\/tr><\/thead><tbody><tr><td>7<\/td><td><strong>Prologi<\/strong><br><strong>Vanki<\/strong>: Ovi<br><strong>Vanki: <\/strong>Eddie Dean<\/td><td>13.6.2025<\/td><td>50<\/td><\/tr><tr><td>8<\/td><td><strong>Vanki<\/strong>: Kosketus ja laskeutuminen<br><strong>Vanki: <\/strong>Torni<\/td><td>20.6.2025<\/td><td>78<\/td><\/tr><tr><td>9<\/td><td><strong>Vanki: <\/strong>Korttien paljastaminen ja yhteenotto<br><strong>Korttien sekoitus<\/strong><\/td><td>27.6.2025<\/td><td>69<\/td><\/tr><tr><td>10<\/td><td><strong>Varjojen leidi: <\/strong>Detta ja Odetta<br><strong>Varjojen leidi: <\/strong>Puoltenvaihtoja<\/td><td>4.7.2025<\/td><td>47<\/td><\/tr><tr><td>11<\/td><td><strong>Varjojen leidi: <\/strong>Odetta toisella puolella<br><strong>Varjojen leidi: <\/strong>Detta toisella puolella<\/td><td>11.7.2025<\/td><td>60<\/td><\/tr><tr><td>12<\/td><td><strong>Korttien uusi sekoitus<\/strong><\/td><td>18.7.2025<\/td><td>40<\/td><\/tr><tr><td>13<\/td><td><strong>Heitt\u00e4j\u00e4:<\/strong> Katkera l\u00e4\u00e4ke<br><strong>Heitt\u00e4j\u00e4:<\/strong> Hunajapotti<br><strong>Heitt\u00e4j\u00e4:<\/strong> Roland ottaa l\u00e4\u00e4kkeens\u00e4<\/td><td>25.7.2025<\/td><td>69<\/td><\/tr><tr><td>14<\/td><td><strong>Heitt\u00e4j\u00e4:<\/strong> Yhden kortin varassa<strong><br>Viimeinen jako<\/strong><\/td><td>1.8.2025<\/td><td>34<\/td><\/tr><tr><td>15<\/td><td>Yhteenveto<\/td><td>8.8.2025<\/td><td>&#8211;<\/td><\/tr><tr><td>Bonus 3<\/td><td>Spoilaava yhteenveto feat. Inna<\/td><td>x.8.2025<\/td><td>&#8211;<\/td><\/tr><\/tbody><\/table><\/figure>\n\n\n\n<p style=\"margin-top:0;margin-bottom:0\"><\/p>\n<\/div>\n\n\n\n<div class=\"wp-block-gutena-tab gutena-tab-block gutena-tab-block-8ee78c-e3 inactive\" data-tab=\"3\">\n<p style=\"margin-top:0;margin-bottom:0\"><\/p>\n\n\n\n<figure class=\"wp-block-table\"><table class=\"wp-block-table custom-table\"><thead><tr><th>Jaksonro<\/th><th>Sis\u00e4lt\u00f6<\/th><th>Julkaisupvm<\/th><th>Sivum\u00e4\u00e4r\u00e4<\/th><\/tr><\/thead><tbody><tr><td>16<\/td><td><strong>Luku 1: Karhu ja Luu<\/strong><br>Kappaleet 1-14<\/td><td>15.8.2025<\/td><td>51<\/td><\/tr><tr><td>17<\/td><td><strong>Luku1: Karhu ja Luu<\/strong><br>Kappaleet 15-32<\/td><td>22.8.2025<\/td><td>56<\/td><\/tr><tr><td>18<\/td><td><strong>Luku 2: Avain ja Ruusu<\/strong><\/td><td>29.8.2025<\/td><td>82<\/td><\/tr><tr><td>19<\/td><td><strong>Luku 3: Ovi ja Demoni<\/strong><\/td><td>5.9.2025<\/td><td>93<\/td><\/tr><tr><td>20<\/td><td><strong>Luku 4: Kaupunki ja Ka-Tet<\/strong><\/td><td>12.9.2025<\/td><td>76<\/td><\/tr><tr><td>21<\/td><td><strong>Luku 5: Silta ja Kaupunki<\/strong><br>Kappaleet 1-17<\/td><td>19.9.2025<\/td><td>51<\/td><\/tr><tr><td>22<\/td><td><strong>Luku 5: Silta ja Kaupunki<\/strong><br>Kappaleet 18-27<\/td><td>26.9.2025<\/td><td>60<\/td><\/tr><tr><td>23<\/td><td><strong>Luku 5: Silta ja Kaupunki<\/strong><br>Kappaleet 28-40<\/td><td>3.10.2025<\/td><td>55<\/td><\/tr><tr><td>24<\/td><td><strong>Luku 6: Arvoitus ja Autiot maat<\/strong><\/td><td>10.10.2025<\/td><td>30<\/td><\/tr><tr><td>25<\/td><td>Yhteenveto<\/td><td>17.10.2025<\/td><td>&#8211;<\/td><\/tr><tr><td>Bonus 4<\/td><td>Spoilaava yhteenveto feat. Inna<\/td><td>x.10.2025<\/td><td>&#8211;<\/td><\/tr><\/tbody><\/table><\/figure>\n\n\n\n<p style=\"margin-top:0;margin-bottom:0\"><\/p>\n<\/div>\n\n\n\n<div class=\"wp-block-gutena-tab gutena-tab-block gutena-tab-block-9c6877-b2 inactive\" data-tab=\"4\">\n<p style=\"margin-top:0;margin-bottom:0\"><\/p>\n\n\n\n<figure class=\"wp-block-table\"><table class=\"wp-block-table custom-table\"><thead><tr><th>Jaksonro<\/th><th>Sis\u00e4lt\u00f6<\/th><th>Julkaisupvm<\/th><th>Sivum\u00e4\u00e4r\u00e4<\/th><\/tr><\/thead><tbody><tr><td>26<\/td><td><strong>Osa Yksi: Arvoituksia<\/strong><br>Luvut 1-3 (Demonikuun alla, Koiraputoukset, Markkinap\u00e4iv\u00e4n hanhi)<\/td><td>24.10.2025<\/td><td>75<\/td><\/tr><tr><td>27<\/td><td><strong>Osa Yksi: Arvoituksia<\/strong><br>Luvut 4-5 (Topeka, Valtatiell\u00e4<\/td><td>31.10.2025<\/td><td>64<\/td><\/tr><tr><td>28<\/td><td><strong>Osa Kaksi: Susan<\/strong><br>Luvut 1-3 (Suutelevan kuun alla, Neitsyyden vahvistaminen, Kohtaaminen tiell\u00e4)<\/td><td>7.11.2025<\/td><td>61<\/td><\/tr><tr><td>29<\/td><td><strong>Osa Kaksi: Susan<\/strong><br>Luvut 4-5 (Kuunlaskun j\u00e4lkeen, Tervetuloa kaupunkiin)<\/td><td>14.11.2025<\/td><td>66<\/td><\/tr><tr><td>30<\/td><td><strong>Osa Kaksi: Susan<\/strong><br>Luvut 6-7 (Sheemie, Sel\u00e4nteell\u00e4)<\/td><td>21.11.2025<\/td><td>72<\/td><\/tr><tr><td>31<\/td><td><strong>Osa Kaksi: Susan<\/strong><br>Luvut 8-10 (Kaupustelijan kuun alla, Citgo, Lintu, karhu, j\u00e4nis ja kala)<\/td><td>28.11.2025<\/td><td>89<\/td><\/tr><tr><td>32<\/td><td><strong>V\u00e4lin\u00e4yt\u00f6s sek\u00e4<\/strong><br><strong>Osa Kolme: Tule, Korjuuaika<\/strong><br>Luvut 1-3 (Mets\u00e4st\u00e4j\u00e4tt\u00e4ren kuun alla, Tytt\u00f6 ikkunassa, Linnanpeli\u00e4)<\/td><td>5.12.2025<\/td><td>68<\/td><\/tr><tr><td>33<\/td><td><strong>Osa Kolme: Tule, Korjuuaika<\/strong><br>Luvut 4-5 (Roland ja Cuthbert, Velhon sateenkaari)<\/td><td>12.12.2025<\/td><td>74<\/td><\/tr><tr><td>34<\/td><td><strong>Osa Kolme: Tule, Korjuuaika<\/strong><br>Luvut 6-7 (Vuoden p\u00e4\u00e4tt\u00e4minen, Pallon haku)<\/td><td>19.12.2025<\/td><td>62<\/td><\/tr><tr><td>35<\/td><td><strong>Osa Kolme: Tule, Korjuuaika<\/strong><br>Luvut 8-9 (Tuhkaa, Korjuu)<\/td><td>26.12.2025<\/td><td>87<\/td><\/tr><tr><td>36<\/td><td><strong>Osa Kolme: Tule, Korjuuaika<\/strong><br>Luku 10 (Demonikuun alla (II))<\/td><td>2.1.2026<\/td><td>67<\/td><\/tr><tr><td>37<\/td><td><strong>Osa Nelj\u00e4: Kaikilla Jumalan lapsilla on keng\u00e4t<\/strong><br>Luvut 1-5 (Kansas aamulla, Keng\u00e4t tiell\u00e4, Velho, Lasipallo, S\u00e4teen polku)<\/td><td>17.1.2026<\/td><td>71<\/td><\/tr><tr><td>38<\/td><td>Yhteenveto<\/td><td>23.1.2026<\/td><td>&#8211;<\/td><\/tr><\/tbody><\/table><\/figure>\n\n\n\n<p style=\"margin-top:0;margin-bottom:0\"><\/p>\n<\/div>\n\n\n\n<div class=\"wp-block-gutena-tab gutena-tab-block gutena-tab-block-f190ca-08 inactive\" data-tab=\"5\">\n<figure class=\"wp-block-table is-style-regular\"><table class=\"has-fixed-layout\"><tbody><tr><td><strong>Jaksonro<\/strong><\/td><td><strong>Sis\u00e4lt\u00f6<\/strong><\/td><td><strong>Julkaisupvm<\/strong><\/td><td><strong>Sivum\u00e4\u00e4r\u00e4<\/strong><\/td><\/tr><tr><td>39<\/td><td><strong>Prologi<\/strong>: Rontit<br><strong>Osa 1<\/strong>: Todash<br><strong>I luku<\/strong>: Kasvot veden pinnassa<br><strong>II luku<\/strong>: New Yorkin rytmi<br><strong>III luku:<\/strong> Mia<br><strong>IV luku:<\/strong> Neuvottelu<\/td><td>20.2.2026<\/td><td>89<\/td><\/tr><tr><td>40<\/td><td><strong>Osa 1<\/strong>: Todash<br><strong>V luku:<\/strong> Overholser<br><strong>VI luku:<\/strong> Eldin tapa<br><strong>VII luku:<\/strong> Todash<\/td><td>6.3.2026<\/td><td>73<\/td><\/tr><tr><td>41<\/td><td><strong>Osa 2: Tarinointia<\/strong><br><strong>I luku:<\/strong> Paviljonki<br><strong>II luku:<\/strong> Kuiva v\u00e4\u00e4nne<\/td><td>20.3.2026<\/td><td>61<\/td><\/tr><tr><td>42<\/td><td><strong>Osa 2: Tarinointia<\/strong><br><strong>III luku:<\/strong> Papin tarina (New York)<br><strong>IV luku:<\/strong> Papin tarina jatkuu (Salaiset valtatiet)<\/td><td>3.4.2026<\/td><td>75<\/td><\/tr><tr><td>43<\/td><td><strong>Osa 2: Tarinointia<\/strong><br><strong>V luku:<\/strong> Gray Dickin tarina<br><strong>VI luku:<\/strong> Isois\u00e4n tarina<br><strong>VII luku:<\/strong> Nokturni, n\u00e4lk\u00e4<\/td><td>17.4.2026<\/td><td>80<\/td><\/tr><tr><td>44<\/td><td><strong>Osa 2: Tarinointia<\/strong><br><strong>VIII luku:<\/strong> Tookin kauppa; l\u00f6ytym\u00e4t\u00f6n ovi<br><strong>IX luku:<\/strong> Papin tarinan loppu (L\u00f6ytym\u00e4t\u00f6n)<\/td><td>1.5.2026<\/td><td>100<\/td><\/tr><tr><td>45<\/td><td><strong>Osa 3: Sudet<\/strong><br><strong>I luku:<\/strong> Salaisuuksia<br><strong>II luku:<\/strong> Dogan, osa 1<\/td><td>15.5.2026<\/td><td>89<\/td><\/tr><tr><td>46<\/td><td><strong>Osa 3: Sudet<\/strong><br><strong>III luku:<\/strong> Dogan, osa 2<br><strong>IV luku:<\/strong> Ennen myrsky\u00e4<br><strong>V luku:<\/strong> Folkenin tapaaminen<\/td><td>29.5.2026<\/td><td>70<\/td><\/tr><tr><td>47<\/td><td><strong>Osa 3: Sudet<\/strong><br><strong>VI luku:<\/strong> Ennen myrsky\u00e4<br><strong>VII luku:<\/strong> Sudet<br><strong>Epilogi: <\/strong>Oviluola<\/td><td>12.6.2026<\/td><td>107<\/td><\/tr><tr><td>48<\/td><td><strong>Yhteenveto<\/strong><\/td><td>26.6.2026<\/td><td><\/td><\/tr><tr><td><\/td><td><\/td><td><\/td><td><\/td><\/tr><\/tbody><\/table><\/figure>\n<\/div>\n\n\n\n<div class=\"wp-block-gutena-tab gutena-tab-block gutena-tab-block-df11bf-fc inactive\" data-tab=\"6\">\n<figure class=\"wp-block-table\"><table class=\"wp-block-table custom-table\"><tbody><tr><td><strong>Jaksonro<\/strong><\/td><td><strong>Sis\u00e4lt\u00f6<\/strong><\/td><td><strong>Julkaisupvm<\/strong><\/td><td><strong>Sivum\u00e4\u00e4r\u00e4<\/strong><\/td><\/tr><tr><td><\/td><td><\/td><td><\/td><td><\/td><\/tr><tr><td><\/td><td><\/td><td><\/td><td><\/td><\/tr><tr><td><\/td><td><\/td><td><\/td><td><\/td><\/tr><tr><td><\/td><td><\/td><td><\/td><td><\/td><\/tr><\/tbody><\/table><\/figure>\n<\/div>\n\n\n\n<div class=\"wp-block-gutena-tab gutena-tab-block gutena-tab-block-b259fb-26 inactive\" data-tab=\"7\">\n<figure class=\"wp-block-table\"><table class=\"wp-block-table custom-table\"><tbody><tr><td><strong>Jaksonro<\/strong><\/td><td><strong>Sis\u00e4lt\u00f6<\/strong><\/td><td><strong>Julkaisupvm<\/strong><\/td><td><strong>Sivum\u00e4\u00e4r\u00e4<\/strong><\/td><\/tr><tr><td><\/td><td><\/td><td><\/td><td><\/td><\/tr><tr><td><\/td><td><\/td><td><\/td><td><\/td><\/tr><tr><td><\/td><td><\/td><td><\/td><td><\/td><\/tr><tr><td><\/td><td><\/td><td><\/td><td><\/td><\/tr><\/tbody><\/table><\/figure>\n<\/div>\n<\/div><\/div>\n","protected":false},"excerpt":{"rendered":"<p>Alla olevassa taulukossa on kerrottu, miten kirjat on jaettu jaksoihin. P\u00e4ivitet\u00e4\u00e4n tarvittaessa, p\u00e4ivityksist\u00e4 ilmoitetaan some -kanavilla. P\u00e4\u00e4s\u00e4\u00e4nt\u00f6isesti jaksot julkaistaan spotifyissa joka toisen viikon perjantaina kello 00.19<\/p>\n","protected":false},"author":1,"featured_media":0,"parent":0,"menu_order":0,"comment_status":"closed","ping_status":"closed","template":"","meta":{"episode_type":"","audio_file":"","podmotor_file_id":"","podmotor_episode_id":"","cover_image":"","cover_image_id":"","duration":"","filesize":"","filesize_raw":"","date_recorded":"","explicit":"","block":"","footnotes":""},"class_list":["post-140","page","type-page","status-publish","hentry"],"blocksy_meta":[],"jetpack_sharing_enabled":true,"_links":{"self":[{"href":"http:\/\/www.muitakinmaailmoja.fi\/index.php\/wp-json\/wp\/v2\/pages\/140","targetHints":{"allow":["GET"]}}],"collection":[{"href":"http:\/\/www.muitakinmaailmoja.fi\/index.php\/wp-json\/wp\/v2\/pages"}],"about":[{"href":"http:\/\/www.muitakinmaailmoja.fi\/index.php\/wp-json\/wp\/v2\/types\/page"}],"author":[{"embeddable":true,"href":"http:\/\/www.muitakinmaailmoja.fi\/index.php\/wp-json\/wp\/v2\/users\/1"}],"replies":[{"embeddable":true,"href":"http:\/\/www.muitakinmaailmoja.fi\/index.php\/wp-json\/wp\/v2\/comments?post=140"}],"version-history":[{"count":16,"href":"http:\/\/www.muitakinmaailmoja.fi\/index.php\/wp-json\/wp\/v2\/pages\/140\/revisions"}],"predecessor-version":[{"id":202,"href":"http:\/\/www.muitakinmaailmoja.fi\/index.php\/wp-json\/wp\/v2\/pages\/140\/revisions\/202"}],"wp:attachment":[{"href":"http:\/\/www.muitakinmaailmoja.fi\/index.php\/wp-json\/wp\/v2\/media?parent=140"}],"curies":[{"name":"wp","href":"https:\/\/api.w.org\/{rel}","templated":true}]}}